{"id":251,"date":"2023-04-30T21:12:11","date_gmt":"2023-04-30T21:12:11","guid":{"rendered":"https:\/\/railbi.com\/fr\/?page_id=251"},"modified":"2023-08-14T16:34:33","modified_gmt":"2023-08-14T16:34:33","slug":"fonctionnalits","status":"publish","type":"page","link":"https:\/\/railbi.com\/fr\/fonctionnalits\/","title":{"rendered":"La plateforme Rail BI"},"content":{"rendered":"\n<br>\n\n\n\n<p class=\"has-text-align-center\">Rail BI g\u00e9n\u00e8re rapidement des business cases clairs et pr\u00e9cis pour aider les cadres du secteur ferroviaire \u00e0 planifier et \u00e0 justifier leurs investissements en services.<\/p>\n\n\n\n<p class=\"has-text-align-center\">Fond\u00e9 sur des donn\u00e9es compl\u00e8tes et dynamiques transmises directement par les gestionnaires d\u2019infrastructures ferroviaires, Rail BI permet une prise de d\u00e9cision innovante et s\u00fbre.<\/p>\n\n\n\n<br>\n\n\n\n<div style=\"text-align:center;\">\n<figure class=\"wp-block-embed aligncenter is-type-video is-provider-youtube wp-block-embed-youtube wp-embed-aspect-16-9 wp-has-aspect-ratio\"><div class=\"wp-block-embed__wrapper\">\n<iframe loading=\"lazy\" title=\"Rail BI Platform Overview\" width=\"640\" height=\"360\" src=\"https:\/\/www.youtube.com\/embed\/kE580wavHVM?feature=oembed\" frameborder=\"0\" allow=\"accelerometer; autoplay; clipboard-write; encrypted-media; gyroscope; picture-in-picture; web-share\" referrerpolicy=\"strict-origin-when-cross-origin\" allowfullscreen><\/iframe>\n<\/div><\/figure>\n\n\n\n<br>\n\n\n\n<h3 class=\"wp-block-heading has-text-align-center has-x-large-font-size\"><strong>Des estimations simples, rapides et d\u00e9taill\u00e9es<\/strong><\/h3>\n\n\n\n<br>\n\n\n\n<div class=\"wp-block-group\"><div class=\"wp-block-group__inner-container is-layout-constrained wp-block-group-is-layout-constrained\">\n<div class=\"wp-block-columns is-layout-flex wp-container-core-columns-is-layout-9d6595d7 wp-block-columns-is-layout-flex\">\n<div class=\"wp-block-column is-layout-flow wp-block-column-is-layout-flow\">\n<p class=\"has-text-align-center\"> <\/p>\n<\/div>\n\n\n\n<div class=\"wp-block-column is-layout-flow wp-block-column-is-layout-flow\">\n<figure class=\"wp-block-image size-full is-resized\"><img loading=\"lazy\" decoding=\"async\" src=\"https:\/\/railbi.com\/fr\/wp-content\/uploads\/2023\/04\/Clean_data.png\" alt=\"\" class=\"wp-image-193\" style=\"width:150px;height:150px\" width=\"150\" height=\"150\" srcset=\"https:\/\/railbi.com\/fr\/wp-content\/uploads\/2023\/04\/Clean_data.png 300w, https:\/\/railbi.com\/fr\/wp-content\/uploads\/2023\/04\/Clean_data-150x150.png 150w, https:\/\/railbi.com\/fr\/wp-content\/uploads\/2023\/04\/Clean_data-70x70.png 70w, https:\/\/railbi.com\/fr\/wp-content\/uploads\/2023\/04\/Clean_data-127x127.png 127w, https:\/\/railbi.com\/fr\/wp-content\/uploads\/2023\/04\/Clean_data-125x125.png 125w, https:\/\/railbi.com\/fr\/wp-content\/uploads\/2023\/04\/Clean_data-116x116.png 116w\" sizes=\"auto, (max-width: 150px) 100vw, 150px\" \/><\/figure>\n\n\n\n<h3 class=\"wp-block-heading\"><strong>Exhaustif<\/strong><\/h3>\n\n\n\n<p>Notre solution de stockage centralis\u00e9 des donn\u00e9es rassemble de multiples bases de donn\u00e9es et tableurs du secteur ferroviaire jusqu\u2019ici disparates.<\/p>\n<\/div>\n\n\n\n<div class=\"wp-block-column is-layout-flow wp-block-column-is-layout-flow\">\n<figure class=\"wp-block-image size-full is-resized\"><img loading=\"lazy\" decoding=\"async\" src=\"https:\/\/railbi.com\/fr\/wp-content\/uploads\/2023\/04\/Clear_reporting.png\" alt=\"\" class=\"wp-image-188\" style=\"width:150px;height:150px\" width=\"150\" height=\"150\" srcset=\"https:\/\/railbi.com\/fr\/wp-content\/uploads\/2023\/04\/Clear_reporting.png 300w, https:\/\/railbi.com\/fr\/wp-content\/uploads\/2023\/04\/Clear_reporting-150x150.png 150w, https:\/\/railbi.com\/fr\/wp-content\/uploads\/2023\/04\/Clear_reporting-70x70.png 70w, https:\/\/railbi.com\/fr\/wp-content\/uploads\/2023\/04\/Clear_reporting-127x127.png 127w, https:\/\/railbi.com\/fr\/wp-content\/uploads\/2023\/04\/Clear_reporting-125x125.png 125w, https:\/\/railbi.com\/fr\/wp-content\/uploads\/2023\/04\/Clear_reporting-116x116.png 116w\" sizes=\"auto, (max-width: 150px) 100vw, 150px\" \/><\/figure>\n\n\n\n<h3 class=\"wp-block-heading\"><strong>Uniforme<\/strong><\/h3>\n\n\n\n<p>\u00c9tablissez tous vos business cases \u00e0 l\u2019aide de la m\u00eame plateforme, des m\u00eames donn\u00e9es et des m\u00eames calculs, encore et encore. Un reporting standardis\u00e9 facilite en outre la comparaison.<\/p>\n<\/div>\n\n\n\n<div class=\"wp-block-column is-layout-flow wp-block-column-is-layout-flow\">\n<figure class=\"wp-block-image size-full is-resized\"><img loading=\"lazy\" decoding=\"async\" src=\"https:\/\/railbi.com\/fr\/wp-content\/uploads\/2023\/06\/Up-to-date@4x.png\" alt=\"\" class=\"wp-image-690\" style=\"width:150px;height:150px\" width=\"150\" height=\"150\" srcset=\"https:\/\/railbi.com\/fr\/wp-content\/uploads\/2023\/06\/Up-to-date@4x.png 300w, https:\/\/railbi.com\/fr\/wp-content\/uploads\/2023\/06\/Up-to-date@4x-150x150.png 150w, https:\/\/railbi.com\/fr\/wp-content\/uploads\/2023\/06\/Up-to-date@4x-70x70.png 70w, https:\/\/railbi.com\/fr\/wp-content\/uploads\/2023\/06\/Up-to-date@4x-127x127.png 127w, https:\/\/railbi.com\/fr\/wp-content\/uploads\/2023\/06\/Up-to-date@4x-125x125.png 125w, https:\/\/railbi.com\/fr\/wp-content\/uploads\/2023\/06\/Up-to-date@4x-116x116.png 116w\" sizes=\"auto, (max-width: 150px) 100vw, 150px\" \/><\/figure>\n\n\n\n<h3 class=\"wp-block-heading\"><strong>\u00c0 jour<\/strong><\/h3>\n\n\n\n<p>Nos donn\u00e9es sont constamment actualis\u00e9es, pour des d\u00e9cisions fond\u00e9es sur les toutes derni\u00e8res informations, appuy\u00e9es sur l\u2019\u00e9tude approfondie des diff\u00e9rentes options.<\/p>\n<\/div>\n\n\n\n<div class=\"wp-block-column is-layout-flow wp-block-column-is-layout-flow\">\n<p> <\/p>\n<\/div>\n<\/div>\n\n\n\n<div class=\"wp-block-columns is-layout-flex wp-container-core-columns-is-layout-9d6595d7 wp-block-columns-is-layout-flex\">\n<div class=\"wp-block-column is-layout-flow wp-block-column-is-layout-flow\">\n<p class=\"has-text-align-center\"> <\/p>\n<\/div>\n\n\n\n<div class=\"wp-block-column is-layout-flow wp-block-column-is-layout-flow\">\n<figure class=\"wp-block-image size-full is-resized\"><img loading=\"lazy\" decoding=\"async\" src=\"https:\/\/railbi.com\/fr\/wp-content\/uploads\/2023\/04\/Save_time.png\" alt=\"\" class=\"wp-image-190\" style=\"width:150px;height:150px\" width=\"150\" height=\"150\" srcset=\"https:\/\/railbi.com\/fr\/wp-content\/uploads\/2023\/04\/Save_time.png 300w, https:\/\/railbi.com\/fr\/wp-content\/uploads\/2023\/04\/Save_time-150x150.png 150w, https:\/\/railbi.com\/fr\/wp-content\/uploads\/2023\/04\/Save_time-70x70.png 70w, https:\/\/railbi.com\/fr\/wp-content\/uploads\/2023\/04\/Save_time-127x127.png 127w, https:\/\/railbi.com\/fr\/wp-content\/uploads\/2023\/04\/Save_time-125x125.png 125w, https:\/\/railbi.com\/fr\/wp-content\/uploads\/2023\/04\/Save_time-116x116.png 116w\" sizes=\"auto, (max-width: 150px) 100vw, 150px\" \/><\/figure>\n\n\n\n<h3 class=\"wp-block-heading\"><strong>Rentable et efficace<\/strong><\/h3>\n\n\n\n<p>La r\u00e9p\u00e9tabilit\u00e9 des processus et les m\u00e9thodes de travail rationalis\u00e9es de notre logiciel agile g\u00e9n\u00e8rent d\u2019\u00e9normes gains en temps et en ressources.<\/p>\n<\/div>\n\n\n\n<div class=\"wp-block-column is-layout-flow wp-block-column-is-layout-flow\">\n<figure class=\"wp-block-image size-full is-resized\"><img loading=\"lazy\" decoding=\"async\" src=\"https:\/\/railbi.com\/fr\/wp-content\/uploads\/2023\/06\/Scalable@4x.png\" alt=\"\" class=\"wp-image-691\" style=\"width:150px;height:150px\" width=\"150\" height=\"150\" srcset=\"https:\/\/railbi.com\/fr\/wp-content\/uploads\/2023\/06\/Scalable@4x.png 300w, https:\/\/railbi.com\/fr\/wp-content\/uploads\/2023\/06\/Scalable@4x-150x150.png 150w, https:\/\/railbi.com\/fr\/wp-content\/uploads\/2023\/06\/Scalable@4x-70x70.png 70w, https:\/\/railbi.com\/fr\/wp-content\/uploads\/2023\/06\/Scalable@4x-127x127.png 127w, https:\/\/railbi.com\/fr\/wp-content\/uploads\/2023\/06\/Scalable@4x-125x125.png 125w, https:\/\/railbi.com\/fr\/wp-content\/uploads\/2023\/06\/Scalable@4x-116x116.png 116w\" sizes=\"auto, (max-width: 150px) 100vw, 150px\" \/><\/figure>\n\n\n\n<h3 class=\"wp-block-heading\"><strong>\u00c9volutif<\/strong><\/h3>\n\n\n\n<p>Quelle que soit l\u2019\u00e9chelle de vos projets, analysez des sc\u00e9narios d\u00e9taill\u00e9s au moyen d\u2019un logiciel con\u00e7u pour \u00e9voluer avec vos besoins.<\/p>\n<\/div>\n\n\n\n<div class=\"wp-block-column is-layout-flow wp-block-column-is-layout-flow\">\n<figure class=\"wp-block-image size-full is-resized\"><img loading=\"lazy\" decoding=\"async\" src=\"https:\/\/railbi.com\/fr\/wp-content\/uploads\/2023\/06\/Complexcalculations@4x.png\" alt=\"\" class=\"wp-image-692\" style=\"width:150px;height:150px\" width=\"150\" height=\"150\" srcset=\"https:\/\/railbi.com\/fr\/wp-content\/uploads\/2023\/06\/Complexcalculations@4x.png 300w, https:\/\/railbi.com\/fr\/wp-content\/uploads\/2023\/06\/Complexcalculations@4x-150x150.png 150w, https:\/\/railbi.com\/fr\/wp-content\/uploads\/2023\/06\/Complexcalculations@4x-70x70.png 70w, https:\/\/railbi.com\/fr\/wp-content\/uploads\/2023\/06\/Complexcalculations@4x-127x127.png 127w, https:\/\/railbi.com\/fr\/wp-content\/uploads\/2023\/06\/Complexcalculations@4x-125x125.png 125w, https:\/\/railbi.com\/fr\/wp-content\/uploads\/2023\/06\/Complexcalculations@4x-116x116.png 116w\" sizes=\"auto, (max-width: 150px) 100vw, 150px\" \/><\/figure>\n\n\n\n<h3 class=\"wp-block-heading\"><strong>Clair<\/strong><\/h3>\n\n\n\n<p>Analysez et visualisez les donn\u00e9es et leurs connexions dans des formats intuitifs.<\/p>\n<\/div>\n\n\n\n<div class=\"wp-block-column is-layout-flow wp-block-column-is-layout-flow\">\n<p> <\/p>\n<\/div>\n<\/div>\n<\/div><\/div>\n\n\n\n<div class=\"wp-block-group has-cyan-bluish-gray-background-color has-background\"><div class=\"wp-block-group__inner-container is-layout-constrained wp-block-group-is-layout-constrained\">\n<div class=\"wp-block-group\"><div class=\"wp-block-group__inner-container is-layout-constrained wp-block-group-is-layout-constrained\">\n<div class=\"wp-block-group has-background\" style=\"background-color:#201c34\"><div class=\"wp-block-group__inner-container is-layout-constrained wp-block-group-is-layout-constrained\">\n<div class=\"wp-block-group\"><div class=\"wp-block-group__inner-container is-layout-constrained wp-block-group-is-layout-constrained\">\n<div class=\"wp-block-group\"><div class=\"wp-block-group__inner-container is-layout-constrained wp-block-group-is-layout-constrained\">\n<p class=\"has-white-color has-text-color has-background\" style=\"background-color:#201c34\"> <br>&#8220;Con\u00e7u pour interagir avec les bases de donn\u00e9es cl\u00e9s du secteur, Rail BI nous permet d\u2019appliquer rapidement et de fa\u00e7on uniforme des solutions de conception de technologies ferroviaires composites sur des segments sp\u00e9cifiques du r\u00e9seau. Les nombreuses extensions fonctionnelles int\u00e9gr\u00e9es \u00e0 l\u2019outil, comme le module d\u00e9di\u00e9 aux risques, permettent la cr\u00e9ation de profils de co\u00fbt sur mesure pour chaque option du projet, ce qui facilite les discussions et la comparaison \u00e9clair\u00e9e des diff\u00e9rentes alternatives. Rail BI est la plateforme id\u00e9ale pour effectuer des \u00e9tudes en phase initiale de conception, pour acc\u00e9l\u00e9rer la mise sur le march\u00e9 et prioriser ainsi les passagers.&#8221;<\/p>\n\n\n\n<h4 class=\"wp-block-heading has-text-align-center has-white-color has-text-color\"><strong>Derek Patterson<\/strong><\/h4>\n\n\n\n<p class=\"has-text-align-center has-white-color has-text-color\">Responsable des estimations<br>Currie &amp; Brown<\/p>\n\n\n<div class=\"wp-block-image\">\n<figure class=\"aligncenter size-full\"><img loading=\"lazy\" decoding=\"async\" width=\"193\" height=\"28\" src=\"https:\/\/railbi.com\/fr\/wp-content\/uploads\/2023\/06\/CurrieBrownLogo-1.png\" alt=\"\" class=\"wp-image-486\"\/><\/figure>\n<\/div>\n\n\n<br>\n<br>\n\n\n\n<p> <\/p>\n<\/div><\/div>\n<\/div><\/div>\n<\/div><\/div>\n<\/div><\/div>\n<\/div><\/div>\n\n\n\n<p><\/p>\n\n\n\n<br>\n\n\n\n<h3 class=\"wp-block-heading has-x-large-font-size\">Features<\/h3>\n\n\n\n<br>\n\n\n\n<div class=\"wp-block-columns is-layout-flex wp-container-core-columns-is-layout-9d6595d7 wp-block-columns-is-layout-flex\">\n<div class=\"wp-block-column is-layout-flow wp-block-column-is-layout-flow\"><\/div>\n\n\n\n<div class=\"wp-block-column is-layout-flow wp-block-column-is-layout-flow\">\n<figure class=\"wp-block-image size-full is-resized\"><img loading=\"lazy\" decoding=\"async\" src=\"https:\/\/railbi.com\/fr\/wp-content\/uploads\/2023\/06\/AssetMgt.png\" alt=\"\" class=\"wp-image-435\" style=\"width:353px;height:274px\" width=\"353\" height=\"274\" srcset=\"https:\/\/railbi.com\/fr\/wp-content\/uploads\/2023\/06\/AssetMgt.png 470w, https:\/\/railbi.com\/fr\/wp-content\/uploads\/2023\/06\/AssetMgt-300x233.png 300w, https:\/\/railbi.com\/fr\/wp-content\/uploads\/2023\/06\/AssetMgt-149x116.png 149w\" sizes=\"auto, (max-width: 353px) 100vw, 353px\" \/><\/figure>\n\n\n\n<h4 class=\"wp-block-heading\"><strong>Gestion des actifs<\/strong><\/h4>\n\n\n\n<p><br><\/p>\n\n\n\n<p>B\u00e9n\u00e9ficiez d\u2019une vue compl\u00e8te sur vos actifs et les liens entre eux. Connectez les donn\u00e9es individuelles de les actifs, ajoutez des informations compl\u00e9mentaires et visualisez les actifs dans diff\u00e9rentes zones g\u00e9ographiques sur des cartes pour obtenir une vue d\u2019ensemble.<\/p>\n<\/div>\n\n\n\n<div class=\"wp-block-column is-layout-flow wp-block-column-is-layout-flow\">\n<figure class=\"wp-block-image size-full is-resized\"><img loading=\"lazy\" decoding=\"async\" src=\"https:\/\/railbi.com\/fr\/wp-content\/uploads\/2023\/06\/ScenarioPlanning.png\" alt=\"\" class=\"wp-image-437\" style=\"width:353px;height:274px\" width=\"353\" height=\"274\" srcset=\"https:\/\/railbi.com\/fr\/wp-content\/uploads\/2023\/06\/ScenarioPlanning.png 470w, https:\/\/railbi.com\/fr\/wp-content\/uploads\/2023\/06\/ScenarioPlanning-300x233.png 300w, https:\/\/railbi.com\/fr\/wp-content\/uploads\/2023\/06\/ScenarioPlanning-149x116.png 149w\" sizes=\"auto, (max-width: 353px) 100vw, 353px\" \/><\/figure>\n\n\n\n<h4 class=\"wp-block-heading\"><strong>Planification de business cases et sc\u00e9narios<\/strong><\/h4>\n\n\n\n<p>Estimez les co\u00fbts et visualisez les donn\u00e9es et informations compl\u00e9mentaires pour chaque sc\u00e9nario. Analysez tous vos sc\u00e9narios sur une seule et m\u00eame plateforme pour les comparer et g\u00e9n\u00e9rer des business cases en toute facilit\u00e9.<\/p>\n<\/div>\n\n\n\n<div class=\"wp-block-column is-layout-flow wp-block-column-is-layout-flow\">\n<figure class=\"wp-block-image size-full is-resized\"><img loading=\"lazy\" decoding=\"async\" src=\"https:\/\/railbi.com\/fr\/wp-content\/uploads\/2023\/06\/CostEstimation.png\" alt=\"\" class=\"wp-image-438\" style=\"width:353px;height:274px\" width=\"353\" height=\"274\" srcset=\"https:\/\/railbi.com\/fr\/wp-content\/uploads\/2023\/06\/CostEstimation.png 470w, https:\/\/railbi.com\/fr\/wp-content\/uploads\/2023\/06\/CostEstimation-300x233.png 300w, https:\/\/railbi.com\/fr\/wp-content\/uploads\/2023\/06\/CostEstimation-149x116.png 149w\" sizes=\"auto, (max-width: 353px) 100vw, 353px\" \/><\/figure>\n\n\n\n<h4 class=\"wp-block-heading\"><strong>Estimation des co\u00fbts<\/strong><\/h4>\n\n\n\n<p><br><\/p>\n\n\n\n<p>Stockez les informations de co\u00fbt pour pouvoir les r\u00e9utiliser sur d\u2019autres projets, et estimez vos co\u00fbts directs et indirects. Proc\u00e9dez au calcul d\u00e9taill\u00e9 des risques et \u00e0 des simulations Monte-Carlo pour une estimation rapide et fiable des co\u00fbts.<\/p>\n<\/div>\n\n\n\n<div class=\"wp-block-column is-layout-flow wp-block-column-is-layout-flow\"><\/div>\n<\/div>\n\n\n\n<div class=\"wp-block-columns is-layout-flex wp-container-core-columns-is-layout-9d6595d7 wp-block-columns-is-layout-flex\">\n<div class=\"wp-block-column is-layout-flow wp-block-column-is-layout-flow\"><\/div>\n\n\n\n<div class=\"wp-block-column is-layout-flow wp-block-column-is-layout-flow\">\n<figure class=\"wp-block-image size-full is-resized\"><img loading=\"lazy\" decoding=\"async\" src=\"https:\/\/railbi.com\/fr\/wp-content\/uploads\/2023\/06\/ReportingScreenshot.png\" alt=\"\" class=\"wp-image-440\" style=\"width:353px;height:274px\" width=\"353\" height=\"274\" srcset=\"https:\/\/railbi.com\/fr\/wp-content\/uploads\/2023\/06\/ReportingScreenshot.png 470w, https:\/\/railbi.com\/fr\/wp-content\/uploads\/2023\/06\/ReportingScreenshot-300x233.png 300w, https:\/\/railbi.com\/fr\/wp-content\/uploads\/2023\/06\/ReportingScreenshot-149x116.png 149w\" sizes=\"auto, (max-width: 353px) 100vw, 353px\" \/><\/figure>\n\n\n\n<h4 class=\"wp-block-heading\"><strong><strong><strong>Cartes<\/strong><\/strong><\/strong><\/h4>\n\n\n\n<p>Visualisez les sc\u00e9narios sur une carte interactive. Localisez vos actifs dans diff\u00e9rentes zones du r\u00e9seau et anticipez leur \u00e9volution dans le temps sur la base des travaux planifi\u00e9s.<\/p>\n<\/div>\n\n\n\n<div class=\"wp-block-column is-layout-flow wp-block-column-is-layout-flow\">\n<figure class=\"wp-block-image size-full is-resized\"><img loading=\"lazy\" decoding=\"async\" src=\"https:\/\/railbi.com\/fr\/wp-content\/uploads\/2023\/06\/ReportingScreenshot-1-1.png\" alt=\"\" class=\"wp-image-443\" style=\"width:353px;height:274px\" width=\"353\" height=\"274\" srcset=\"https:\/\/railbi.com\/fr\/wp-content\/uploads\/2023\/06\/ReportingScreenshot-1-1.png 470w, https:\/\/railbi.com\/fr\/wp-content\/uploads\/2023\/06\/ReportingScreenshot-1-1-300x233.png 300w, https:\/\/railbi.com\/fr\/wp-content\/uploads\/2023\/06\/ReportingScreenshot-1-1-149x116.png 149w\" sizes=\"auto, (max-width: 353px) 100vw, 353px\" \/><\/figure>\n\n\n\n<h4 class=\"wp-block-heading\"><strong><strong><strong>Reporting<\/strong><\/strong><\/strong><\/h4>\n\n\n\n<p>Structurez des rapports parlants pour un reporting uniforme qui facilite les comparaisons. \u00c9tablissez vos propres mod\u00e8les pour y inclure tableaux, graphiques, cartes et plus encore.<\/p>\n<\/div>\n\n\n\n<div class=\"wp-block-column is-layout-flow wp-block-column-is-layout-flow\"><\/div>\n\n\n\n<div class=\"wp-block-column is-layout-flow wp-block-column-is-layout-flow\"><\/div>\n<\/div>\n\n\n\n<div class=\"wp-block-group has-cyan-bluish-gray-background-color has-background\"><div class=\"wp-block-group__inner-container is-layout-constrained wp-block-group-is-layout-constrained\">\n<div class=\"wp-block-group has-white-color has-text-color has-background\" style=\"background-color:#201c34\"><div class=\"wp-block-group__inner-container is-layout-constrained wp-block-group-is-layout-constrained\">\n<h3 class=\"wp-block-heading has-x-large-font-size\"><br>Les succ\u00e8s de Rail BI<\/h3>\n\n\n\n<br>\n\n\n\n<div class=\"wp-block-columns is-layout-flex wp-container-core-columns-is-layout-9d6595d7 wp-block-columns-is-layout-flex\">\n<div class=\"wp-block-column is-layout-flow wp-block-column-is-layout-flow\" style=\"flex-basis:150px\"><\/div>\n\n\n\n<div class=\"wp-block-column is-layout-flow wp-block-column-is-layout-flow\">\n<p class=\"has-white-color has-text-color has-medium-font-size\">Soutien \u00e0 la mise en \u0153uvre du syst\u00e8me national de gestion du trafic au Royaume-Uni (Traffic Management) et \u00e0 la planification des centres d\u2019exploitation ferroviaire (Rail Operating Centres) : premier d\u00e9ploiement et business cases cibl\u00e9s pour la gestion du trafic.<\/p>\n\n\n\n<p class=\"has-white-color has-text-color has-medium-font-size\"><br><\/p>\n\n\n\n<p class=\"has-white-color has-text-color has-medium-font-size\">Contribution au plan de d\u00e9ploiement \u00e0 long terme (Long Term Deployment Plan) en tant qu\u2019outil de planification de la liste des chantiers pr\u00e9vus, en remplacement d\u2019un mod\u00e8le obsol\u00e8te sur tableur.<\/p>\n\n\n\n<p class=\"has-white-color has-text-color has-medium-font-size\"><br><br><\/p>\n\n\n\n<p class=\"has-white-color has-text-color has-medium-font-size\"><br><\/p>\n<\/div>\n\n\n\n<div class=\"wp-block-column is-layout-flow wp-block-column-is-layout-flow\" style=\"flex-basis:150px\"><\/div>\n<\/div>\n\n\n\n<br>\n<br>\n<\/div><\/div>\n<\/div><\/div>\n\n\n\n<br>\n\n\n\n<h3 class=\"wp-block-heading has-x-large-font-size\"><strong>Jusqu\u2019ici, Rail BI a g\u00e9n\u00e9r\u00e9 :<\/strong><\/h3>\n\n\n\n<br>\n\n\n\n<div class=\"wp-block-columns is-layout-flex wp-container-core-columns-is-layout-9d6595d7 wp-block-columns-is-layout-flex\">\n<div class=\"wp-block-column is-layout-flow wp-block-column-is-layout-flow\"><\/div>\n\n\n\n<div class=\"wp-block-column is-layout-flow wp-block-column-is-layout-flow\">\n<figure class=\"wp-block-image size-full is-resized\"><img loading=\"lazy\" decoding=\"async\" src=\"https:\/\/railbi.com\/fr\/wp-content\/uploads\/2023\/06\/creating001.png\" alt=\"\" class=\"wp-image-456\" style=\"width:225px;height:110px\" width=\"225\" height=\"110\" srcset=\"https:\/\/railbi.com\/fr\/wp-content\/uploads\/2023\/06\/creating001.png 300w, https:\/\/railbi.com\/fr\/wp-content\/uploads\/2023\/06\/creating001-228x111.png 228w\" sizes=\"auto, (max-width: 225px) 100vw, 225px\" \/><\/figure>\n\n\n\n<h4 class=\"wp-block-heading\"><strong><strong><strong>Toutes les estimations des co\u00fbts du programme Digital Railway depuis 2015<\/strong><\/strong><\/strong><\/h4>\n<\/div>\n\n\n\n<div class=\"wp-block-column is-layout-flow wp-block-column-is-layout-flow\">\n<figure class=\"wp-block-image size-full is-resized\"><img loading=\"lazy\" decoding=\"async\" src=\"https:\/\/railbi.com\/fr\/wp-content\/uploads\/2023\/06\/reporting001.png\" alt=\"\" class=\"wp-image-457\" style=\"width:225px;height:110px\" width=\"225\" height=\"110\" srcset=\"https:\/\/railbi.com\/fr\/wp-content\/uploads\/2023\/06\/reporting001.png 300w, https:\/\/railbi.com\/fr\/wp-content\/uploads\/2023\/06\/reporting001-228x111.png 228w\" sizes=\"auto, (max-width: 225px) 100vw, 225px\" \/><\/figure>\n\n\n\n<h4 class=\"wp-block-heading\"><strong><strong><strong>Plus de 1\u2009400 estimations<\/strong><\/strong><\/strong><\/h4>\n<\/div>\n\n\n\n<div class=\"wp-block-column is-layout-flow wp-block-column-is-layout-flow\"><\/div>\n<\/div>\n\n\n\n<p><\/p>\n","protected":false},"excerpt":{"rendered":"<p>Rail BI g\u00e9n\u00e8re rapidement des business cases clairs et pr\u00e9cis pour aider les cadres du secteur ferroviaire \u00e0 planifier et \u00e0 justifier leurs investissements en services. Fond\u00e9 sur des donn\u00e9es compl\u00e8tes et dynamiques transmises directement par les gestionnaires d\u2019infrastructures ferroviaires, Rail BI permet une prise de d\u00e9cision innovante et s\u00fbre. Des estimations simples, rapides et [&hellip;]<\/p>\n","protected":false},"author":1,"featured_media":242,"parent":0,"menu_order":0,"comment_status":"closed","ping_status":"closed","template":"template-page-builder-no-sidebar.php","meta":{"footnotes":""},"class_list":["post-251","page","type-page","status-publish","has-post-thumbnail","hentry"],"_links":{"self":[{"href":"https:\/\/railbi.com\/fr\/wp-json\/wp\/v2\/pages\/251","targetHints":{"allow":["GET"]}}],"collection":[{"href":"https:\/\/railbi.com\/fr\/wp-json\/wp\/v2\/pages"}],"about":[{"href":"https:\/\/railbi.com\/fr\/wp-json\/wp\/v2\/types\/page"}],"author":[{"embeddable":true,"href":"https:\/\/railbi.com\/fr\/wp-json\/wp\/v2\/users\/1"}],"replies":[{"embeddable":true,"href":"https:\/\/railbi.com\/fr\/wp-json\/wp\/v2\/comments?post=251"}],"version-history":[{"count":132,"href":"https:\/\/railbi.com\/fr\/wp-json\/wp\/v2\/pages\/251\/revisions"}],"predecessor-version":[{"id":805,"href":"https:\/\/railbi.com\/fr\/wp-json\/wp\/v2\/pages\/251\/revisions\/805"}],"wp:featuredmedia":[{"embeddable":true,"href":"https:\/\/railbi.com\/fr\/wp-json\/wp\/v2\/media\/242"}],"wp:attachment":[{"href":"https:\/\/railbi.com\/fr\/wp-json\/wp\/v2\/media?parent=251"}],"curies":[{"name":"wp","href":"https:\/\/api.w.org\/{rel}","templated":true}]}}