{"id":235,"date":"2023-04-30T20:58:30","date_gmt":"2023-04-30T20:58:30","guid":{"rendered":"https:\/\/railbi.com\/fr\/?page_id=235"},"modified":"2023-07-31T19:14:28","modified_gmt":"2023-07-31T19:14:28","slug":"qui-nous-sommes","status":"publish","type":"page","link":"https:\/\/railbi.com\/fr\/qui-nous-sommes\/","title":{"rendered":"Qui Nous Sommes"},"content":{"rendered":"\n<p>Rail BI est le fruit du travail d\u2019Insight Software Development.<\/p>\n\n\n\n<p>Forts de plus de 25 ans d\u2019exp\u00e9rience en tant que fournisseur B2B de produits SaaS, nous nous appuyons sur notre expertise pour trouver des solutions innovantes aux probl\u00e8mes les plus tenaces.<\/p>\n\n\n\n<p>Quelle que soit la taille des \u00e9quipes que nous accompagnons, nous les aidons \u00e0 passer de leurs logiciels internes install\u00e9s en local et de leurs tableurs \u00e0 des applications modernes con\u00e7ues sur mesure.<\/p>\n\n\n\n<div class=\"wp-block-columns is-layout-flex wp-container-core-columns-is-layout-9d6595d7 wp-block-columns-is-layout-flex\">\n<div class=\"wp-block-column is-layout-flow wp-block-column-is-layout-flow\"><div class=\"wp-block-image\">\n<figure class=\"aligncenter size-full\"><img loading=\"lazy\" decoding=\"async\" width=\"115\" height=\"107\" src=\"https:\/\/railbi.com\/fr\/wp-content\/uploads\/2023\/04\/MissionAbout-1.png\" alt=\"\" class=\"wp-image-236\"\/><\/figure>\n<\/div>\n\n\n<h3 class=\"wp-block-heading has-text-align-left\">Notre mission<\/h3>\n\n\n\n<p>Nous avons pour mission de fournir des services de premier plan permettant aux organisations d\u2019avoir la main sur leurs donn\u00e9es et d\u2019explorer de nouveaux moyens de les exploiter.<\/p>\n\n\n\n<p>Nous avons \u00e0 c\u0153ur de d\u00e9velopper des applications s\u00fbres, intuitives, flexibles et taill\u00e9es au plus pr\u00e8s des besoins sp\u00e9cifiques de chaque client en d\u00e9ployant des technologies et processus logiciels de pointe.<\/p>\n<\/div>\n\n\n\n<div class=\"wp-block-column is-layout-flow wp-block-column-is-layout-flow\"><div class=\"wp-block-image\">\n<figure class=\"aligncenter size-full\"><img loading=\"lazy\" decoding=\"async\" width=\"100\" height=\"107\" src=\"https:\/\/railbi.com\/fr\/wp-content\/uploads\/2023\/04\/TeamAbout-1.png\" alt=\"\" class=\"wp-image-237\"\/><\/figure>\n<\/div>\n\n\n<h3 class=\"wp-block-heading has-text-align-left\">Notre \u00e9quipe<\/h3>\n\n\n\n<p>De notre siege \u00e0 \u00c9dimbourg en \u00c9cosse, notre \u00e9quipe d\u2019experts en informatique et en physique s\u2019est donn\u00e9e pour cause de prouver qu\u2019un excellent logiciel n\u2019est ni n\u00e9cessairement hors de prix, ni forc\u00e9ment restreint par les limites des logiciels d\u2019entreprise traditionnels.<\/p>\n\n\n\n<p>Elle s\u2019engage pour ce faire \u00e0 concevoir des logiciels hors pair parfaitement align\u00e9s aux processus de votre entreprise, et non l\u2019inverse.<\/p>\n<\/div>\n<\/div>\n\n\n\n<h3 class=\"wp-block-heading has-text-align-left\">Notre histoire<\/h3>\n\n\n\n<p>Fond\u00e9e en 2015, notre entreprise s\u2019est d\u00e9velopp\u00e9e naturellement dans le sillage d\u2019une mission de conseil en informatique aupr\u00e8s d\u2019une grande organisation publique, qui a abouti \u00e0 la cr\u00e9ation d\u2019une application logicielle. En regroupant de nombreux jeux de donn\u00e9es diff\u00e9rents issus de sources disparates au sein d\u2019une seule et m\u00eame application uniforme, nous avons permis \u00e0 l\u2019organisation de produire des estimations co\u00fbts-avantages avanc\u00e9es et d\u2019\u00e9tablir ainsi des business cases d\u00e9taill\u00e9s. L\u2019application n\u00e9e de ce projet, Rail BI, est pass\u00e9e du prototype \u00e0 la production, et est aujourd\u2019hui d\u00e9ploy\u00e9e dans de nombreux services de l\u2019organisation et de ses associ\u00e9s. Galvanis\u00e9e par ce succ\u00e8s, notre \u00e9quipe s\u2019est \u00e9toff\u00e9e, ce qui nous permet d\u2019accompagner cette organisation et bien d\u2019autres.<\/p>\n","protected":false},"excerpt":{"rendered":"<p>Rail BI est le fruit du travail d\u2019Insight Software Development. Forts de plus de 25 ans d\u2019exp\u00e9rience en tant que fournisseur B2B de produits SaaS, nous nous appuyons sur notre expertise pour trouver des solutions innovantes aux probl\u00e8mes les plus tenaces. Quelle que soit la taille des \u00e9quipes que nous accompagnons, nous les aidons \u00e0 [&hellip;]<\/p>\n","protected":false},"author":1,"featured_media":242,"parent":0,"menu_order":0,"comment_status":"closed","ping_status":"closed","template":"page-templates\/no-sidebar.php","meta":{"footnotes":""},"class_list":["post-235","page","type-page","status-publish","has-post-thumbnail","hentry"],"_links":{"self":[{"href":"https:\/\/railbi.com\/fr\/wp-json\/wp\/v2\/pages\/235","targetHints":{"allow":["GET"]}}],"collection":[{"href":"https:\/\/railbi.com\/fr\/wp-json\/wp\/v2\/pages"}],"about":[{"href":"https:\/\/railbi.com\/fr\/wp-json\/wp\/v2\/types\/page"}],"author":[{"embeddable":true,"href":"https:\/\/railbi.com\/fr\/wp-json\/wp\/v2\/users\/1"}],"replies":[{"embeddable":true,"href":"https:\/\/railbi.com\/fr\/wp-json\/wp\/v2\/comments?post=235"}],"version-history":[{"count":8,"href":"https:\/\/railbi.com\/fr\/wp-json\/wp\/v2\/pages\/235\/revisions"}],"predecessor-version":[{"id":759,"href":"https:\/\/railbi.com\/fr\/wp-json\/wp\/v2\/pages\/235\/revisions\/759"}],"wp:featuredmedia":[{"embeddable":true,"href":"https:\/\/railbi.com\/fr\/wp-json\/wp\/v2\/media\/242"}],"wp:attachment":[{"href":"https:\/\/railbi.com\/fr\/wp-json\/wp\/v2\/media?parent=235"}],"curies":[{"name":"wp","href":"https:\/\/api.w.org\/{rel}","templated":true}]}}